{"id":2382,"date":"2022-09-20T22:02:50","date_gmt":"2022-09-20T22:02:50","guid":{"rendered":"https:\/\/wes.com.pe\/?page_id=2382"},"modified":"2022-09-26T16:23:11","modified_gmt":"2022-09-26T16:23:11","slug":"politicas-de-privacidad","status":"publish","type":"page","link":"https:\/\/wes.com.pe\/en\/politicas-de-privacidad\/","title":{"rendered":"Pol\u00edticas de cookies"},"content":{"rendered":"<div data-elementor-type=\"wp-page\" data-elementor-id=\"2382\" class=\"elementor elementor-2382\" data-elementor-post-type=\"page\">\n\t\t\t\t\t\t<section class=\"elementor-section elementor-top-section elementor-element elementor-element-af78360 elementor-section-boxed elementor-section-height-default elementor-section-height-default\" data-id=\"af78360\" data-element_type=\"section\" data-settings=\"{&quot;background_background&quot;:&quot;classic&quot;}\">\n\t\t\t\t\t\t<div class=\"elementor-container elementor-column-gap-default\">\n\t\t\t\t\t<div class=\"elementor-column elementor-col-100 elementor-top-column elementor-element elementor-element-1cc2552\" data-id=\"1cc2552\" data-element_type=\"column\">\n\t\t\t<div class=\"elementor-widget-wrap elementor-element-populated\">\n\t\t\t\t\t\t<div class=\"elementor-element elementor-element-7537d71 elementor-widget elementor-widget-spacer\" data-id=\"7537d71\" data-element_type=\"widget\" data-widget_type=\"spacer.default\">\n\t\t\t\t<div class=\"elementor-widget-container\">\n\t\t\t\t\t\t\t<div class=\"elementor-spacer\">\n\t\t\t<div class=\"elementor-spacer-inner\"><\/div>\n\t\t<\/div>\n\t\t\t\t\t\t<\/div>\n\t\t\t\t<\/div>\n\t\t\t\t\t<\/div>\n\t\t<\/div>\n\t\t\t\t\t<\/div>\n\t\t<\/section>\n\t\t\t\t<section class=\"elementor-section elementor-top-section elementor-element elementor-element-40be720 elementor-section-boxed elementor-section-height-default elementor-section-height-default\" data-id=\"40be720\" data-element_type=\"section\">\n\t\t\t\t\t\t<div class=\"elementor-container elementor-column-gap-default\">\n\t\t\t\t\t<div class=\"elementor-column elementor-col-100 elementor-top-column elementor-element elementor-element-2497ac1\" data-id=\"2497ac1\" data-element_type=\"column\">\n\t\t\t<div class=\"elementor-widget-wrap elementor-element-populated\">\n\t\t\t\t\t\t<div class=\"elementor-element elementor-element-cc61ffd elementor-widget elementor-widget-heading\" data-id=\"cc61ffd\" data-element_type=\"widget\" data-widget_type=\"heading.default\">\n\t\t\t\t<div class=\"elementor-widget-container\">\n\t\t\t\t\t<h2 class=\"elementor-heading-title elementor-size-default\">POL\u00cdTICA DE COOKIES WEB<\/h2>\t\t\t\t<\/div>\n\t\t\t\t<\/div>\n\t\t\t\t<div class=\"elementor-element elementor-element-515b2d3 elementor-widget elementor-widget-text-editor\" data-id=\"515b2d3\" data-element_type=\"widget\" data-widget_type=\"text-editor.default\">\n\t\t\t\t<div class=\"elementor-widget-container\">\n\t\t\t\t\t\t\t\t\t<ol><li><strong>INTRODUCCI\u00d3N <\/strong><\/li><\/ol><p style=\"padding-left: 40px;\">Water &amp; Environmental Services Per\u00fa S.A.C. (en adelante WES), describe en este documento la Pol\u00edtica de Cookies que regula el sitio web con URL http:\/\/www.wes.com.pe, en adelante el sitio Web, con el objetivo de garantizar la privacidad de los Usuarios de Internet, en adelante Usuario. Informamos a los Usuarios que en el sitio Web utilizamos cookies, tanto propias como de terceros. Estas cookies nos permiten facilitar el uso y navegaci\u00f3n, garantizar el acceso a determinadas funcionalidades y adicionalmente, nos ayudan a mejorar la calidad del sitio Web de acuerdo a los h\u00e1bitos y estilos de navegaci\u00f3n de los Usuarios. WES utiliza las cookies estrictamente necesarias y esenciales para que usted utilice el Web y le permitan moverse libremente, utilizar \u00e1reas seguras u opciones personalizadas. El sitio Web dispone de enlaces a las redes sociales Facebook y LinkedIn. WES no controla las cookies utilizadas por estas Web externas. Para m\u00e1s informaci\u00f3n sobre las cookies de las redes sociales u otros sitios Webs ajenos, aconsejamos revisar sus propias pol\u00edticas de cookies.<\/p><ol start=\"2\"><li><strong>\u00bfQU\u00c9 SON LAS COOKIES?<\/strong><\/li><\/ol><p style=\"padding-left: 40px;\">Las cookies son peque\u00f1os archivos de texto que los sitios Web almacenan en su ordenador, celular inteligente (Smartphone), tablet o cualquier otro dispositivo de acceso a Internet.<\/p><ol start=\"3\"><li><strong>\u00bfPARA QUE SIRVEN?<\/strong><\/li><\/ol><p style=\"padding-left: 40px;\">Las cookies sirven para reconocer el dispositivo de los Usuarios cuando vuelven a visitar el sitio Web, facilit\u00e1ndole su uso recordando sus preferencias y configuraci\u00f3n de navegaci\u00f3n (p. ej. Idioma, pa\u00eds, etc.). Tambi\u00e9n sirven para mejorar los servicios que ofrecemos y para poder recopilar informaci\u00f3n estad\u00edstica que nos permite entender c\u00f3mo los Usuarios utilizan nuestro Web y nos ayudan a mejorar su estructura y contenidos. Algunas cookies son estrictamente necesarias para que el sitio Web funcione correctamente y otras sirven para mejorar el rendimiento y su experiencia como usuario. Las cookies se asocian \u00fanicamente a un Usuario an\u00f3nimo y su dispositivo de acceso a Internet y no proporcionan referencias que permitan deducir datos personales del Usuario. Las cookies no pueden da\u00f1ar su dispositivo y adem\u00e1s son muy \u00fatiles, puesto que nos ayudan a identificar y resolver errores. Mostramos informaci\u00f3n sobre nuestra Pol\u00edtica de Cookies en la parte inferior cada vez que se accede al sitio Web.<\/p><p style=\"padding-left: 40px;\">Ante esta informaci\u00f3n el Usuario puede realizar las siguientes acciones:<\/p><ol><li><u>Aceptar<\/u>: No se volver\u00e1 a visualizar este aviso durante la presente sesi\u00f3n.<\/li><li><u>Cerrar<\/u>: Se oculta el aviso en la presente p\u00e1gina, pero al acceder a cualquier otra p\u00e1gina de la web se volver\u00e1 a mostrar el aviso en la parte superior del mismo.<\/li><\/ol><ul><li><u>Modificar su configuraci\u00f3n<\/u>: Podr\u00e1 modificar la configuraci\u00f3n de su navegaci\u00f3n, pero ello no evitar\u00e1 que se muestre el aviso sobre cookies al acceder a nuevas p\u00e1ginas de la Web.<\/li><\/ul><div>\u00a0<\/div><ol start=\"4\"><li><strong>TIPOS DE COOKIES<\/strong><\/li><\/ol><p style=\"padding-left: 40px;\">Seg\u00fan cual sea la entidad que gestione el sitio Web desde donde se env\u00eden las cookies y traten los datos que se obtengan, se pueden distinguir las siguientes:<\/p><ul><li><u>Cookies propias<\/u>: Son aquellas que se env\u00edan al dispositivo de acceso a Internet del Usuario desde el sitio web gestionado por el propio titular del sitio y desde el que se presta el servicio solicitado por el Usuario de Internet.<\/li><li><u>Cookies de tercero<\/u>: Son aquellas que se env\u00edan al dispositivo de acceso a Internet del usuario desde el sitio Web pero que no es gestionado por el titular del sitio, sino por otra entidad que trata los datos obtenidos mediante las cookies.<\/li><\/ul><p style=\"padding-left: 40px;\">Seg\u00fan el plazo de tiempo que permanecen activadas en el dispositivo de acceso a Internet del Usuario, se pueden distinguir las siguientes:<\/p><ul><li><u>Cookies de sesi\u00f3n<\/u>: Son un tipo de cookies dise\u00f1adas para recoger y almacenar datos mientras el Usuario accede al sitio Web. Se suelen utilizar para almacenar informaci\u00f3n que s\u00f3lo interesa conservar para la prestaci\u00f3n del servicio solicitado por el Usuario en una sola ocasi\u00f3n (la sesi\u00f3n que est\u00e1 utilizando en ese momento).<\/li><li><u>Cookies persistentes<\/u>: Son un tipo de cookies en que los datos siguen almacenados en el dispositivo de acceso a Internet del usuario y pueden ser accedidas y tratadas durante un periodo definido por el responsable de la cookie, y que puede ir de unos minutos a varios a\u00f1os.<\/li><\/ul><p style=\"padding-left: 40px;\">Seg\u00fan la finalidad para la que se traten los datos obtenidos mediante las cookies, se pueden distinguir las siguientes:<\/p><ul><li><u>Cookies t\u00e9cnicas<\/u>: las cookies t\u00e9cnicas son aquellas imprescindibles y estrictamente necesarias para el correcto funcionamiento del sitio Web y la utilizaci\u00f3n de las diferentes opciones y servicios que ofrece. Son de este tipo, entre otras, las que sirven para el mantenimiento de la sesi\u00f3n, la gesti\u00f3n del tiempo de respuesta, rendimiento o validaci\u00f3n de opciones, utilizar elementos de seguridad o compartir contenido con redes sociales.<\/li><li><u>Cookies de personalizaci\u00f3n<\/u>: son aquellas que permiten al Usuario acceder al servicio con algunas caracter\u00edsticas de car\u00e1cter general predefinidas en funci\u00f3n de una serie de criterios en el dispositivo del Usuario como por ejemplo ser\u00edan el idioma, el tipo de navegador que utiliza para acceder al servicio, la configuraci\u00f3n regional desde donde accede al servicio, etc.<\/li><li><u>Cookies de Geo-localizaci\u00f3n<\/u>: estas cookies son utilizadas para averiguar en qu\u00e9 pa\u00eds se encuentra cuando se solicita un servicio. Esta cookie es totalmente an\u00f3nima, y s\u00f3lo se utiliza para ayudar a orientar el contenido a su ubicaci\u00f3n.<\/li><li><u>Cookies de an\u00e1lisis<\/u>: son aquellas que permiten al responsable de las mismas, el seguimiento y an\u00e1lisis del comportamiento de los Usuario en el Web. La informaci\u00f3n recogida mediante este tipo de cookies se utiliza en la medici\u00f3n de la actividad del sitio Web y para la elaboraci\u00f3n de perfiles de navegaci\u00f3n de los Usuario, con el fin de introducir mejoras en funci\u00f3n del an\u00e1lisis de los datos de uso que hacen los Usuario del servicio.<\/li><li><u>Cookies publicitarias<\/u>: son aquellas que permiten la gesti\u00f3n, de la forma m\u00e1s eficaz posible, de los espacios publicitarios que, en su caso, el titular haya incluido en el sitio web desde el que presta el servicio solicitado sobre la base de criterios como el contenido editado o la frecuencia en la que se muestran los anuncios.<\/li><li><u>Cookies de publicidad comportamental:<\/u> son aquellas que permiten la gesti\u00f3n, de la forma m\u00e1s eficaz posible, los espacios publicitarios que, en su caso, el titular haya incluido en el sitio web desde el que presta el servicio solicitado. Estas cookies almacenan informaci\u00f3n del comportamiento de los Usuario obtenida por la observaci\u00f3n continuada de sus h\u00e1bitos de navegaci\u00f3n, lo que permite desarrollar un perfil espec\u00edfico para mostrar publicidad en funci\u00f3n de \u00e9ste.<\/li><li><u>Cookies de Registro<\/u>: son aquellas que se generan una vez que el Usuario se ha registrado o posteriormente ha abierto su sesi\u00f3n, y se utilizan para identificarle en los servicios de forma que, si cierra un servicio, el navegador o el ordenador, y en otro momento u otro d\u00eda vuelve a entrar en dicho servicio, seguir\u00e1 identificado, facilitando as\u00ed su navegaci\u00f3n sin tener que volver a identificarse. Esta funcionalidad se puede suprimir si el Usuario pulsa la funcionalidad \u201ccerrar sesi\u00f3n\u201d, de forma que esta Cookie se elimina y la pr\u00f3xima vez que entre en el servicio el Usuario tendr\u00e1 que iniciar sesi\u00f3n para estar identificado.<\/li><\/ul><div>\u00a0<\/div><ol start=\"5\"><li><strong>ENLACES A REDES SOCIALES<\/strong><\/li><\/ol><p style=\"padding-left: 40px;\">En el Portal tambi\u00e9n se incluyen indicadores que los Usuarios pueden utilizar, de forma sencilla e intuitiva, para enlazar y compartir ciertos contenidos del sitio Web con redes sociales. Esta funcionalidad conlleva el uso de cookies que enlazan con los sitios web de estas redes sociales, almacenando la informaci\u00f3n \u00fanicamente en ellas.<\/p><ol start=\"6\"><li><strong>\u00bfQU\u00c9 TIPO DE COOKIES UTILIZA ESTE SITIO WEB?<\/strong><\/li><\/ol><p style=\"padding-left: 40px;\">Las cookies siguientes no identifican personalmente a los Usuarios, s\u00f3lo proporcionan informaci\u00f3n estad\u00edstica an\u00f3nima sobre la navegaci\u00f3n en este sitio Web; sin embargo, puede deshabilitarlas directamente configurando su navegador.<\/p><ol start=\"7\"><li><strong>GESTI\u00d3N DE LAS COOKIES<\/strong><\/li><\/ol><p style=\"padding-left: 40px;\">Proporcionando esta pol\u00edtica, WES expone a nuestros Usuarios el compromiso adquirido sobre el uso de cookies, d\u00e1ndole acceso a informaci\u00f3n para que usted pueda comprender qu\u00e9 tipo de cookies utilizamos y por qu\u00e9 lo hacemos. Con esto, pretendemos proporcionarle transparencia en cuanto a los datos tratados acerca de la navegaci\u00f3n realizada desde su equipo en el sitio Web. Si acepta nuestras cookies, nos permite la mejora de la Web de WES para ofrecerle un acceso \u00f3ptimo y darle un servicio m\u00e1s eficaz y personalizado. Adem\u00e1s, usted puede configurar su navegador para establecer que s\u00f3lo los sitios Web de confianza o las p\u00e1ginas por las que est\u00e1 navegando en este momento puedan gestionar cookies lo que le permite seleccionar sus preferencias.<\/p><p style=\"padding-left: 40px;\">Si usted como Usuario decide no autorizar el tratamiento indic\u00e1ndonos su no conformidad, s\u00f3lo usar\u00edamos las cookies t\u00e9cnicas, puesto que son imprescindibles para la navegaci\u00f3n por nuestro Web. En este caso, no almacenar\u00edamos ninguna cookie. En el caso de seguir navegando por nuestro sitio Web sin denegar su autorizaci\u00f3n implica que acepta su uso.<\/p><p style=\"padding-left: 40px;\">Tenga en cuenta que, si rechaza o borra las cookies de navegaci\u00f3n por el sitio Web, no podremos mantener sus preferencias, algunas caracter\u00edsticas de las p\u00e1ginas no estar\u00e1n operativas, no podremos ofrecerle servicios personalizados y cada vez que vaya a navegar por nuestra Web tendremos que solicitarle de nuevo su autorizaci\u00f3n para el uso de cookies. Si aun as\u00ed, decide modificar la configuraci\u00f3n de su acceso al sitio Web, debe saber que es posible eliminar las cookies o impedir que se registre esta informaci\u00f3n en su equipo en cualquier momento mediante la modificaci\u00f3n de los par\u00e1metros de configuraci\u00f3n de su navegador.<\/p><p style=\"padding-left: 40px;\">Para bloquear o deshabilitar las cookies el Usuario deber\u00e1 activar la configuraci\u00f3n del navegador, de manera que se rechace la instalaci\u00f3n de todas las cookies o de algunas de ellas. En la pr\u00e1ctica la mayor\u00eda de los navegadores permiten advertir la presencia de cookies o rechazarlas autom\u00e1ticamente. Si son rechazadas se podr\u00e1 seguir usando nuestro Web, aunque el uso de algunos de sus servicios podr\u00e1 ser limitado y por tanto la experiencia del usuario puede ser menos satisfactoria.<\/p><p style=\"padding-left: 40px;\">Los accesos a la configuraci\u00f3n de cookies de los principales navegadores son los siguientes:<\/p><ol><li><u>Internet Explorer<\/u>:<\/li><\/ol><p style=\"padding-left: 40px;\">Herramientas -&gt; Opciones de Internet -&gt; Privacidad -&gt;Configuraci\u00f3n.<\/p><p style=\"padding-left: 40px;\">Para m\u00e1s informaci\u00f3n, puede consultar el soporte de Microsoft o la Ayuda del navegador. En cada navegador la operativa que ha de seguirse es diferente, pero la funci\u00f3n de \u00abAyuda\u00bb del sitio Web de cada navegador le mostrar\u00e1 c\u00f3mo hacerlo, como sucede por ejemplo para Internet Explorer: windows.microsoft.com\/es-xl\/internetexplorer\/delete-manage-cookies#ie=\u00bbie-10&#8243;<\/p><ol><li><u>Safari<\/u>:<\/li><\/ol><p style=\"padding-left: 40px;\">Preferencias -&gt; Seguridad.<\/p><p style=\"padding-left: 40px;\">Para m\u00e1s informaci\u00f3n, puede consultar el soporte de Apple o la Ayuda del navegador en <a href=\"http:\/\/www.apple.com\/es\/privacy\/use-ofcookies\">www.apple.com\/es\/privacy\/use-ofcookies<\/a><\/p><ul><li><u>Firefox<\/u>:<\/li><\/ul><p style=\"padding-left: 40px;\">Herramientas -&gt; Opciones -&gt; Privacidad -&gt; Historial -&gt; Configuraci\u00f3n Personalizada.<\/p><p style=\"padding-left: 40px;\">Para m\u00e1s informaci\u00f3n, puede consultar el soporte de Mozilla o la Ayuda del navegador en support.mozilla.org\/es\/kb\/Borrar%20cookies<\/p><ol><li><u>Chrome<\/u>:<\/li><\/ol><p style=\"padding-left: 40px;\">Configuraci\u00f3n -&gt; Mostrar opciones avanzadas -&gt; Privacidad -&gt; Configuraci\u00f3n de contenido.<\/p><p style=\"padding-left: 40px;\">Para m\u00e1s informaci\u00f3n, puede consultar el soporte de Google o la Ayuda del navegador en support.google.com\/chrome\/answer\/95647?hl=\u00bbes\u00bb<\/p><ol start=\"8\"><li><strong>OTRAS CUESTIONES<\/strong><\/li><\/ol><p style=\"padding-left: 40px;\">Para realizar cualquier tipo de consulta respecto a esta pol\u00edtica puede dirigirse a la siguiente direcci\u00f3n de correo electr\u00f3nico: hidro@wes.com.pe<\/p><ol start=\"9\"><li><strong>VIGENCIA Y MODIFICACI\u00d3N DE LA PRESENTE POL\u00cdTICA DE PRIVACIDAD<\/strong><\/li><\/ol><p style=\"padding-left: 40px;\">La Pol\u00edtica de cookies web de WES ha sido actualizada el mes de agosto de 2022. WES puede modificar esta Pol\u00edtica de Cookies en funci\u00f3n de exigencias legislativas, reglamentarias, jurisprudenciales o con la finalidad de adaptar dicha pol\u00edtica a las instrucciones dictadas por la Autoridad Nacional de Protecci\u00f3n de Datos Personales, as\u00ed como por criterios propios empresariales. Por ello, y dado que dicha pol\u00edtica puede ser actualizada peri\u00f3dicamente, sugerimos a nuestros Usuario que la revisen de forma regular y que la encontrar\u00e1n en el sitio Web.<\/p>\t\t\t\t\t\t\t\t<\/div>\n\t\t\t\t<\/div>\n\t\t\t\t\t<\/div>\n\t\t<\/div>\n\t\t\t\t\t<\/div>\n\t\t<\/section>\n\t\t\t\t<\/div>","protected":false},"excerpt":{"rendered":"<p>POL\u00cdTICA DE COOKIES WEB INTRODUCCI\u00d3N Water &amp; Environmental Services Per\u00fa S.A.C. (en adelante WES), describe en este documento la Pol\u00edtica de Cookies que regula el sitio web con URL http:\/\/www.wes.com.pe, en adelante el sitio Web, con el objetivo de garantizar la privacidad de los Usuarios de Internet, en adelante Usuario. Informamos a los Usuarios que [&hellip;]<\/p>","protected":false},"author":19,"featured_media":0,"parent":0,"menu_order":0,"comment_status":"closed","ping_status":"closed","template":"elementor_header_footer","meta":{"footnotes":""},"class_list":["post-2382","page","type-page","status-publish","hentry"],"aioseo_notices":[],"_links":{"self":[{"href":"https:\/\/wes.com.pe\/en\/wp-json\/wp\/v2\/pages\/2382","targetHints":{"allow":["GET"]}}],"collection":[{"href":"https:\/\/wes.com.pe\/en\/wp-json\/wp\/v2\/pages"}],"about":[{"href":"https:\/\/wes.com.pe\/en\/wp-json\/wp\/v2\/types\/page"}],"author":[{"embeddable":true,"href":"https:\/\/wes.com.pe\/en\/wp-json\/wp\/v2\/users\/19"}],"replies":[{"embeddable":true,"href":"https:\/\/wes.com.pe\/en\/wp-json\/wp\/v2\/comments?post=2382"}],"version-history":[{"count":26,"href":"https:\/\/wes.com.pe\/en\/wp-json\/wp\/v2\/pages\/2382\/revisions"}],"predecessor-version":[{"id":2512,"href":"https:\/\/wes.com.pe\/en\/wp-json\/wp\/v2\/pages\/2382\/revisions\/2512"}],"wp:attachment":[{"href":"https:\/\/wes.com.pe\/en\/wp-json\/wp\/v2\/media?parent=2382"}],"curies":[{"name":"wp","href":"https:\/\/api.w.org\/{rel}","templated":true}]}}