{"id":2398,"date":"2022-09-20T22:22:09","date_gmt":"2022-09-20T22:22:09","guid":{"rendered":"https:\/\/wes.com.pe\/?page_id=2398"},"modified":"2022-09-21T15:28:07","modified_gmt":"2022-09-21T15:28:07","slug":"politica-de-privacidad-de-datos-personales","status":"publish","type":"page","link":"https:\/\/wes.com.pe\/en\/politica-de-privacidad-de-datos-personales\/","title":{"rendered":"Pol\u00edtica de privacidad de datos personales"},"content":{"rendered":"<div data-elementor-type=\"wp-page\" data-elementor-id=\"2398\" class=\"elementor elementor-2398\" data-elementor-post-type=\"page\">\n\t\t\t\t\t\t<section class=\"elementor-section elementor-top-section elementor-element elementor-element-550c3a0 elementor-section-boxed elementor-section-height-default elementor-section-height-default\" data-id=\"550c3a0\" data-element_type=\"section\" data-settings=\"{&quot;background_background&quot;:&quot;classic&quot;}\">\n\t\t\t\t\t\t<div class=\"elementor-container elementor-column-gap-default\">\n\t\t\t\t\t<div class=\"elementor-column elementor-col-100 elementor-top-column elementor-element elementor-element-2d94f81\" data-id=\"2d94f81\" data-element_type=\"column\">\n\t\t\t<div class=\"elementor-widget-wrap elementor-element-populated\">\n\t\t\t\t\t\t<div class=\"elementor-element elementor-element-97913e7 elementor-widget elementor-widget-spacer\" data-id=\"97913e7\" data-element_type=\"widget\" data-widget_type=\"spacer.default\">\n\t\t\t\t<div class=\"elementor-widget-container\">\n\t\t\t\t\t\t\t<div class=\"elementor-spacer\">\n\t\t\t<div class=\"elementor-spacer-inner\"><\/div>\n\t\t<\/div>\n\t\t\t\t\t\t<\/div>\n\t\t\t\t<\/div>\n\t\t\t\t\t<\/div>\n\t\t<\/div>\n\t\t\t\t\t<\/div>\n\t\t<\/section>\n\t\t\t\t<section class=\"elementor-section elementor-top-section elementor-element elementor-element-4e6c855 elementor-section-boxed elementor-section-height-default elementor-section-height-default\" data-id=\"4e6c855\" data-element_type=\"section\">\n\t\t\t\t\t\t<div class=\"elementor-container elementor-column-gap-default\">\n\t\t\t\t\t<div class=\"elementor-column elementor-col-100 elementor-top-column elementor-element elementor-element-3df3060\" data-id=\"3df3060\" data-element_type=\"column\">\n\t\t\t<div class=\"elementor-widget-wrap elementor-element-populated\">\n\t\t\t\t\t\t<div class=\"elementor-element elementor-element-0c2962f elementor-widget elementor-widget-heading\" data-id=\"0c2962f\" data-element_type=\"widget\" data-widget_type=\"heading.default\">\n\t\t\t\t<div class=\"elementor-widget-container\">\n\t\t\t\t\t<h2 class=\"elementor-heading-title elementor-size-default\">POL\u00cdTICA DE PRIVACIDAD DE DATOS PERSONALES<\/h2>\t\t\t\t<\/div>\n\t\t\t\t<\/div>\n\t\t\t\t\t<\/div>\n\t\t<\/div>\n\t\t\t\t\t<\/div>\n\t\t<\/section>\n\t\t\t\t<section class=\"elementor-section elementor-top-section elementor-element elementor-element-94169ba elementor-section-boxed elementor-section-height-default elementor-section-height-default\" data-id=\"94169ba\" data-element_type=\"section\">\n\t\t\t\t\t\t<div class=\"elementor-container elementor-column-gap-default\">\n\t\t\t\t\t<div class=\"elementor-column elementor-col-100 elementor-top-column elementor-element elementor-element-51ac6f9\" data-id=\"51ac6f9\" data-element_type=\"column\">\n\t\t\t<div class=\"elementor-widget-wrap elementor-element-populated\">\n\t\t\t\t\t\t<div class=\"elementor-element elementor-element-298ab05 elementor-widget elementor-widget-text-editor\" data-id=\"298ab05\" data-element_type=\"widget\" data-widget_type=\"text-editor.default\">\n\t\t\t\t<div class=\"elementor-widget-container\">\n\t\t\t\t\t\t\t\t\t<p><span style=\"font-weight: 400;\">WATER &amp; ENVIRONMENTAL SERVICES PER\u00da S.A.C. (en adelante, WES), con RUC N\u00b0 20565487931, y domiciliada en la Av. Ricardo Palma N\u00b0 836, Oficina 302, distrito de Miraflores, provincia y departamento de Lima es una empresa consultora dedicada a brindar servicios especializados en agua superficial, subterr\u00e1nea y estudios ambientales.\u00a0<\/span><\/p><p><span style=\"font-weight: 400;\">WES\u00a0respeta y valora la privacidad de sus clientes y de los usuarios de su sitio web <\/span><a href=\"https:\/\/wes.com.pe\/en\/\"><span style=\"font-weight: 400;\">www.wes.com.pe<\/span><\/a><span style=\"font-weight: 400;\">, (en adelante, el Sitio Web). Por ello, el objetivo de la presente pol\u00edtica de privacidad es informar qu\u00e9 tipo de informaci\u00f3n se recopila y c\u00f3mo se usa, almacena y divulga, a fin de que los usuarios puedan decidir libremente si comparten o no su informaci\u00f3n.<\/span><\/p><p><b>Consideraciones Preliminares<\/b><\/p><p><span style=\"font-weight: 400;\">El Sitio Web es de titularidad de WES, quien se reserva la facultad de modificar en cualquier momento y sin previo aviso la presentaci\u00f3n, los contenidos, la funcionalidad, los productos, los servicios y la configuraci\u00f3n que pudiera estar contenida en este sitio web; en este sentido, los usuarios del Sitio Web reconocen y aceptan que WES en cualquier momento podr\u00e1 interrumpir, desactivar, modificar o cancelar cualquiera de los elementos que componen el Sitio Web o el acceso a los mismos.<\/span><\/p><p><span style=\"font-weight: 400;\">WES podr\u00e1 revisar, modificar, agregar o eliminar las disposiciones de esta pol\u00edtica de privacidad en cualquier momento. En caso que as\u00ed se haga, ello ser\u00e1 notificado en el Sitio Web. De no manifestar su discrepancia con el aviso de la pol\u00edtica de privacidad actualizada, los usuarios reconocen que han le\u00eddo y comprendido la pol\u00edtica de privacidad revisada.<\/span><\/p><p><span style=\"font-weight: 400;\">El Sitio Web est\u00e1 dise\u00f1ado y dirigido a mayores de edad (18 a\u00f1os), por lo que WES solo llevar\u00e1 a cabo voluntariamente el tratamiento de datos personales de personas mayores de edad. En el supuesto que WES tome conocimiento que los datos personales recogidos corresponden a un menor de edad sin autorizaci\u00f3n, se adoptar\u00e1n las medidas oportunas para eliminar tales datos a la brevedad posible.<\/span><\/p><p><span style=\"font-weight: 400;\">Para efectos de visitar el Sitio Web, los usuarios no est\u00e1n en la obligaci\u00f3n de proporcionar sus datos personales. Sin embargo, para los casos en tales usuarios presenten solicitudes, accedan a servicios que WES brinda por el Sitio Web, entre otros, es posible que se les requiera la entrega de informaci\u00f3n personal espec\u00edfica y necesaria para dicho fin.<\/span><\/p><p><b>Protecci\u00f3n de Datos Personales\u00a0<\/b><\/p><p><span style=\"font-weight: 400;\">Ser\u00e1 requisito necesario para la adquisici\u00f3n de servicios ofrecidos por WES a trav\u00e9s del Sitio Web o para la presentaci\u00f3n de solicitudes por dicha v\u00eda, la aceptaci\u00f3n de las presentes condiciones y la entrega de determinada informaci\u00f3n personal que permita mantener una comunicaci\u00f3n adecuada entre WES y los usuarios.\u00a0<\/span><\/p><p><span style=\"font-weight: 400;\">La informaci\u00f3n personal a ser entregada por los usuarios a WES contempla los siguientes datos: nombre completo, documento de identidad, direcci\u00f3n domiciliaria, n\u00famero de tel\u00e9fono fijo, n\u00famero de tel\u00e9fono celular y correo electr\u00f3nico. Cabe precisar que estos datos no son restrictivos de otros que se puedan solicitar.<\/span><\/p><p><span style=\"font-weight: 400;\">Los usuarios al aceptar los presentes t\u00e9rminos y condiciones, estar\u00e1n autorizando de forma libre, previa, inequ\u00edvoca y expresa el tratamiento de sus datos personales en el banco de datos personales de WES, siendo utilizados los mismos para fines publicitarios, promocionales, de comunicaciones e informaci\u00f3n sobre los servicios ofrecidos, para responder consultas acerca de servicios, env\u00edo de invitaciones a actividades convocadas por WES, encuestas, gesti\u00f3n administrativa, procesamiento de datos y cobro de deudas.\u00a0<\/span><\/p><p><span style=\"font-weight: 400;\">WES es el titular del banco de datos personales en el cual se recopilar\u00e1n todos los datos personales brindados, y no traspasar\u00e1, bajo ninguna modalidad y a ninguna empresa a la cual los usuarios no hayan dado consentimiento, datos personales de dichos usuarios registrados. La informaci\u00f3n recibida ser\u00e1 manejada en forma absolutamente confidencial y conforme lo dispone la legislaci\u00f3n vigente en el Per\u00fa.\u00a0\u00a0\u00a0\u00a0\u00a0\u00a0\u00a0\u00a0\u00a0\u00a0\u00a0\u00a0\u00a0\u00a0\u00a0\u00a0\u00a0\u00a0\u00a0 \u00a0<\/span><\/p><p><span style=\"font-weight: 400;\">Los usuarios podr\u00e1n ejercer los derechos reconocidos en la Ley 29733 &#8211; Ley de Protecci\u00f3n de Datos Personales, frente a WES. Para ello, deber\u00e1n remitir una comunicaci\u00f3n escrita dirigida a Water &amp; Environmental Services Per\u00fa S.A.C. al correo: hidro@wes.com.pe con atenci\u00f3n a Lizbeth Ponte o a la siguiente direcci\u00f3n: Av. Ricardo Palma N\u00b0 836, Oficina 302, distrito de Miraflores, provincia y departamento de Lima.\u00a0<\/span><\/p><p><b>Informaci\u00f3n personal<\/b><\/p><p><span style=\"font-weight: 400;\">WES, puede recopilar informaci\u00f3n personal de los usuarios como nombres, documentos de identidad, n\u00fameros de tel\u00e9fono, n\u00fameros de celular, direcciones f\u00edsicas y direcciones de correo electr\u00f3nico.\u00a0<\/span><\/p><p><b>Comunicaciones de usuario<\/b><span style=\"font-weight: 400;\">\u00a0<\/span><\/p><p><span style=\"font-weight: 400;\">Si los usuarios se comunican con WES, WES podr\u00e1 recopilar informaci\u00f3n relacionada con esa comunicaci\u00f3n ya sea en forma de correo electr\u00f3nico, fax, carta o cualquier otra forma de comunicaci\u00f3n entre los usuarios y WES. \u00a0<\/span><\/p><p><b>Uso de la informaci\u00f3n que se recopila<\/b><b>\u00a0<\/b><\/p><p><span style=\"font-weight: 400;\">En general, WES puede utilizar la informaci\u00f3n proporcionada por los usuarios para mejorar sus servicios, y para el objetivo espec\u00edfico para el cual dichos usuarios hayan proporcionado la informaci\u00f3n.<\/span><\/p><p><span style=\"font-weight: 400;\">WES podr\u00e1 usar la informaci\u00f3n personal para fines publicitarios, promocionales, de comunicaciones e informaci\u00f3n sobre los servicios ofrecidos, para responder consultas acerca de servicios, env\u00edo de invitaciones a actividades convocadas por WES, encuestas, gesti\u00f3n administrativa, procesamiento de datos y cobro de deudas.\u00a0<\/span><\/p><p><b>Divulgaci\u00f3n de la informaci\u00f3n que se recopila<\/b><\/p><p><span style=\"font-weight: 400;\">WES no comparte la informaci\u00f3n personal de los usuarios con terceros que no sean los establecidos conforme a esta pol\u00edtica de privacidad.\u00a0<\/span><\/p><p><span style=\"font-weight: 400;\">WES podr\u00e1 compartir con terceros la informaci\u00f3n de los usuarios, seg\u00fan lo permita o requiera la ley aplicable, una orden judicial u otra solicitud judicial o administrativa de entidades del Estado. Tambi\u00e9n podr\u00e1 divulgar dicha informaci\u00f3n si WES determina que dicha divulgaci\u00f3n es necesaria para proteger los derechos de WES, o si es necesaria para la seguridad nacional, la aplicaci\u00f3n de la ley u otros asuntos de importancia p\u00fablica. Dichas divulgaciones podr\u00edan tener lugar en el contexto de una investigaci\u00f3n o para prevenir o tomar medidas contra actividades ilegales, sospecha de fraude, situaciones que involucren amenazas potenciales a la seguridad f\u00edsica de cualquier persona y violaciones de los t\u00e9rminos de servicio de WES.<\/span><\/p><p><b>Informaci\u00f3n Personal Sobre los Usuarios<\/b><\/p><p><span style=\"font-weight: 400;\">WES toma medidas razonables para proteger la informaci\u00f3n que recopila sobre los usuarios. Ninguna medida de seguridad es infalible, por lo que WES no puede garantizar la absoluta seguridad de dicha informaci\u00f3n a pesar de adoptar las medidas razonables para protegerla. En caso de que WES tome conocimiento de una violaci\u00f3n de seguridad, divulgaci\u00f3n no autorizada o divulgaci\u00f3n inadvertida sobre la informaci\u00f3n proporcionada por los usuarios, estos \u00faltimos aceptan que WES podr\u00e1 notificarles de tal evento utilizando las disposiciones de notificaci\u00f3n de los t\u00e9rminos de uso.<\/span><\/p><p><br style=\"font-weight: 400;\" \/><br \/><\/p>\t\t\t\t\t\t\t\t<\/div>\n\t\t\t\t<\/div>\n\t\t\t\t\t<\/div>\n\t\t<\/div>\n\t\t\t\t\t<\/div>\n\t\t<\/section>\n\t\t\t\t<\/div>","protected":false},"excerpt":{"rendered":"<p>POL\u00cdTICA DE PRIVACIDAD DE DATOS PERSONALES WATER &amp; ENVIRONMENTAL SERVICES PER\u00da S.A.C. (en adelante, WES), con RUC N\u00b0 20565487931, y domiciliada en la Av. Ricardo Palma N\u00b0 836, Oficina 302, distrito de Miraflores, provincia y departamento de Lima es una empresa consultora dedicada a brindar servicios especializados en agua superficial, subterr\u00e1nea y estudios ambientales.\u00a0 WES\u00a0respeta [&hellip;]<\/p>","protected":false},"author":19,"featured_media":0,"parent":0,"menu_order":0,"comment_status":"closed","ping_status":"closed","template":"elementor_header_footer","meta":{"footnotes":""},"class_list":["post-2398","page","type-page","status-publish","hentry"],"aioseo_notices":[],"_links":{"self":[{"href":"https:\/\/wes.com.pe\/en\/wp-json\/wp\/v2\/pages\/2398","targetHints":{"allow":["GET"]}}],"collection":[{"href":"https:\/\/wes.com.pe\/en\/wp-json\/wp\/v2\/pages"}],"about":[{"href":"https:\/\/wes.com.pe\/en\/wp-json\/wp\/v2\/types\/page"}],"author":[{"embeddable":true,"href":"https:\/\/wes.com.pe\/en\/wp-json\/wp\/v2\/users\/19"}],"replies":[{"embeddable":true,"href":"https:\/\/wes.com.pe\/en\/wp-json\/wp\/v2\/comments?post=2398"}],"version-history":[{"count":22,"href":"https:\/\/wes.com.pe\/en\/wp-json\/wp\/v2\/pages\/2398\/revisions"}],"predecessor-version":[{"id":2427,"href":"https:\/\/wes.com.pe\/en\/wp-json\/wp\/v2\/pages\/2398\/revisions\/2427"}],"wp:attachment":[{"href":"https:\/\/wes.com.pe\/en\/wp-json\/wp\/v2\/media?parent=2398"}],"curies":[{"name":"wp","href":"https:\/\/api.w.org\/{rel}","templated":true}]}}