{"id":345,"date":"2021-11-06T12:03:33","date_gmt":"2021-11-06T12:03:33","guid":{"rendered":"http:\/\/wes.com.pe\/?page_id=345"},"modified":"2026-03-19T15:55:19","modified_gmt":"2026-03-19T15:55:19","slug":"blog","status":"publish","type":"page","link":"https:\/\/wes.com.pe\/en\/blog\/","title":{"rendered":"BLOG"},"content":{"rendered":"<div data-elementor-type=\"wp-page\" data-elementor-id=\"345\" class=\"elementor elementor-345\" data-elementor-post-type=\"page\">\n\t\t\t\t\t\t<section class=\"elementor-section elementor-top-section elementor-element elementor-element-82cdfbd elementor-section-full_width elementor-section-height-min-height elementor-section-content-top elementor-section-height-default elementor-section-items-middle\" data-id=\"82cdfbd\" data-element_type=\"section\" data-settings=\"{&quot;background_background&quot;:&quot;classic&quot;}\">\n\t\t\t\t\t\t\t<div class=\"elementor-background-overlay\"><\/div>\n\t\t\t\t\t\t\t<div class=\"elementor-container elementor-column-gap-default\">\n\t\t\t\t\t<div class=\"elementor-column elementor-col-100 elementor-top-column elementor-element elementor-element-b2226a0\" data-id=\"b2226a0\" data-element_type=\"column\">\n\t\t\t<div class=\"elementor-widget-wrap\">\n\t\t\t\t\t\t\t<\/div>\n\t\t<\/div>\n\t\t\t\t\t<\/div>\n\t\t<\/section>\n\t\t\t\t<section class=\"elementor-section elementor-top-section elementor-element elementor-element-c45d44d elementor-section-boxed elementor-section-height-default elementor-section-height-default\" data-id=\"c45d44d\" data-element_type=\"section\">\n\t\t\t\t\t\t<div class=\"elementor-container elementor-column-gap-default\">\n\t\t\t\t\t<div class=\"elementor-column elementor-col-100 elementor-top-column elementor-element elementor-element-af33525\" data-id=\"af33525\" data-element_type=\"column\">\n\t\t\t<div class=\"elementor-widget-wrap elementor-element-populated\">\n\t\t\t\t\t\t<div class=\"elementor-element elementor-element-9b39356 elementor-widget elementor-widget-spacer\" data-id=\"9b39356\" data-element_type=\"widget\" data-widget_type=\"spacer.default\">\n\t\t\t\t<div class=\"elementor-widget-container\">\n\t\t\t\t\t\t\t<div class=\"elementor-spacer\">\n\t\t\t<div class=\"elementor-spacer-inner\"><\/div>\n\t\t<\/div>\n\t\t\t\t\t\t<\/div>\n\t\t\t\t<\/div>\n\t\t\t\t<div class=\"elementor-element elementor-element-dd46a2e elementor-widget elementor-widget-heading\" data-id=\"dd46a2e\" data-element_type=\"widget\" data-widget_type=\"heading.default\">\n\t\t\t\t<div class=\"elementor-widget-container\">\n\t\t\t\t\t<h2 class=\"elementor-heading-title elementor-size-default\">BLOG<\/h2>\t\t\t\t<\/div>\n\t\t\t\t<\/div>\n\t\t\t\t\t<\/div>\n\t\t<\/div>\n\t\t\t\t\t<\/div>\n\t\t<\/section>\n\t\t\t\t<section class=\"elementor-section elementor-top-section elementor-element elementor-element-714515af elementor-section-boxed elementor-section-height-default elementor-section-height-default\" data-id=\"714515af\" data-element_type=\"section\" data-settings=\"{&quot;background_background&quot;:&quot;classic&quot;}\">\n\t\t\t\t\t\t<div class=\"elementor-container elementor-column-gap-default\">\n\t\t\t\t\t<div class=\"elementor-column elementor-col-100 elementor-top-column elementor-element elementor-element-3e474e9e\" data-id=\"3e474e9e\" data-element_type=\"column\">\n\t\t\t<div class=\"elementor-widget-wrap elementor-element-populated\">\n\t\t\t\t\t\t<div class=\"elementor-element elementor-element-124faa5 elementor-grid-1 elementor-posts--align-center elementor-grid-tablet-2 elementor-grid-mobile-1 elementor-posts--thumbnail-top elementor-widget elementor-widget-posts\" data-id=\"124faa5\" data-element_type=\"widget\" data-settings=\"{&quot;classic_columns&quot;:&quot;1&quot;,&quot;pagination_type&quot;:&quot;numbers_and_prev_next&quot;,&quot;classic_columns_tablet&quot;:&quot;2&quot;,&quot;classic_columns_mobile&quot;:&quot;1&quot;,&quot;classic_row_gap&quot;:{&quot;unit&quot;:&quot;px&quot;,&quot;size&quot;:35,&quot;sizes&quot;:[]},&quot;classic_row_gap_tablet&quot;:{&quot;unit&quot;:&quot;px&quot;,&quot;size&quot;:&quot;&quot;,&quot;sizes&quot;:[]},&quot;classic_row_gap_mobile&quot;:{&quot;unit&quot;:&quot;px&quot;,&quot;size&quot;:&quot;&quot;,&quot;sizes&quot;:[]}}\" data-widget_type=\"posts.classic\">\n\t\t\t\t<div class=\"elementor-widget-container\">\n\t\t\t\t\t\t\t<div class=\"elementor-posts-container elementor-posts elementor-posts--skin-classic elementor-grid\" role=\"list\">\n\t\t\t\t<article class=\"elementor-post elementor-grid-item post-5061 post type-post status-publish format-standard has-post-thumbnail hentry category-sp\" role=\"listitem\">\n\t\t\t\t<a class=\"elementor-post__thumbnail__link\" href=\"https:\/\/wes.com.pe\/en\/gestion-integrada-de-cuencas-clave-para-la-agricultura-y-mineria\/\" tabindex=\"-1\" >\n\t\t\t<div class=\"elementor-post__thumbnail\"><img fetchpriority=\"high\" decoding=\"async\" width=\"1920\" height=\"900\" src=\"https:\/\/wes.com.pe\/wp-content\/uploads\/2024\/09\/Gestion-de-cuencas-hidrograficas.png\" class=\"attachment-full size-full wp-image-5062\" alt=\"\" srcset=\"https:\/\/wes.com.pe\/wp-content\/uploads\/2024\/09\/Gestion-de-cuencas-hidrograficas.png 1920w, https:\/\/wes.com.pe\/wp-content\/uploads\/2024\/09\/Gestion-de-cuencas-hidrograficas-300x141.png 300w, https:\/\/wes.com.pe\/wp-content\/uploads\/2024\/09\/Gestion-de-cuencas-hidrograficas-1024x480.png 1024w, https:\/\/wes.com.pe\/wp-content\/uploads\/2024\/09\/Gestion-de-cuencas-hidrograficas-768x360.png 768w, https:\/\/wes.com.pe\/wp-content\/uploads\/2024\/09\/Gestion-de-cuencas-hidrograficas-1536x720.png 1536w, https:\/\/wes.com.pe\/wp-content\/uploads\/2024\/09\/Gestion-de-cuencas-hidrograficas-18x8.png 18w\" sizes=\"(max-width: 1920px) 100vw, 1920px\" \/><\/div>\n\t\t<\/a>\n\t\t\t\t<div class=\"elementor-post__text\">\n\t\t\t\t<h3 class=\"elementor-post__title\">\n\t\t\t<a href=\"https:\/\/wes.com.pe\/en\/gestion-integrada-de-cuencas-clave-para-la-agricultura-y-mineria\/\" >\n\t\t\t\tGESTI\u00d3N INTEGRADA DE CUENCAS: CLAVE PARA LA AGRICULTURA Y MINER\u00cdA\t\t\t<\/a>\n\t\t<\/h3>\n\t\t\t\t<div class=\"elementor-post__meta-data\">\n\t\t\t\t\t<span class=\"elementor-post-date\">\n\t\t\tSeptember 23, 2024\t\t<\/span>\n\t\t\t\t<\/div>\n\t\t\t\t<div class=\"elementor-post__excerpt\">\n\t\t\t<p>La gesti\u00f3n integrada de cuencas hidrogr\u00e1ficas es fundamental para asegurar la sostenibilidad y el equilibrio ecol\u00f3gico en regiones donde coexisten la agricultura y la miner\u00eda.<\/p>\n\t\t<\/div>\n\t\t\n\t\t<a class=\"elementor-post__read-more\" href=\"https:\/\/wes.com.pe\/en\/gestion-integrada-de-cuencas-clave-para-la-agricultura-y-mineria\/\" aria-label=\"Read more about GESTI\u00d3N INTEGRADA DE CUENCAS: CLAVE PARA LA AGRICULTURA Y MINER\u00cdA\" tabindex=\"-1\" >\n\t\t\tRead more\t\t<\/a>\n\n\t\t\t\t<\/div>\n\t\t\t\t<\/article>\n\t\t\t\t<article class=\"elementor-post elementor-grid-item post-5054 post type-post status-publish format-standard has-post-thumbnail hentry category-sp\" role=\"listitem\">\n\t\t\t\t<a class=\"elementor-post__thumbnail__link\" href=\"https:\/\/wes.com.pe\/en\/economia-circular-claves-en-la-gestion-de-recursos-naturales\/\" tabindex=\"-1\" >\n\t\t\t<div class=\"elementor-post__thumbnail\"><img decoding=\"async\" width=\"1920\" height=\"900\" src=\"https:\/\/wes.com.pe\/wp-content\/uploads\/2024\/09\/Mineria-y-Agricultura.png\" class=\"attachment-full size-full wp-image-5055\" alt=\"\" srcset=\"https:\/\/wes.com.pe\/wp-content\/uploads\/2024\/09\/Mineria-y-Agricultura.png 1920w, https:\/\/wes.com.pe\/wp-content\/uploads\/2024\/09\/Mineria-y-Agricultura-300x141.png 300w, https:\/\/wes.com.pe\/wp-content\/uploads\/2024\/09\/Mineria-y-Agricultura-1024x480.png 1024w, https:\/\/wes.com.pe\/wp-content\/uploads\/2024\/09\/Mineria-y-Agricultura-768x360.png 768w, https:\/\/wes.com.pe\/wp-content\/uploads\/2024\/09\/Mineria-y-Agricultura-1536x720.png 1536w, https:\/\/wes.com.pe\/wp-content\/uploads\/2024\/09\/Mineria-y-Agricultura-18x8.png 18w\" sizes=\"(max-width: 1920px) 100vw, 1920px\" \/><\/div>\n\t\t<\/a>\n\t\t\t\t<div class=\"elementor-post__text\">\n\t\t\t\t<h3 class=\"elementor-post__title\">\n\t\t\t<a href=\"https:\/\/wes.com.pe\/en\/economia-circular-claves-en-la-gestion-de-recursos-naturales\/\" >\n\t\t\t\tECONOM\u00cdA CIRCULAR: CLAVES EN LA GESTI\u00d3N DE RECURSOS NATURALES\t\t\t<\/a>\n\t\t<\/h3>\n\t\t\t\t<div class=\"elementor-post__meta-data\">\n\t\t\t\t\t<span class=\"elementor-post-date\">\n\t\t\tSeptember 16, 2024\t\t<\/span>\n\t\t\t\t<\/div>\n\t\t\t\t<div class=\"elementor-post__excerpt\">\n\t\t\t<p>La econom\u00eda circular revoluciona la gesti\u00f3n de recursos al enfocarse en la reutilizaci\u00f3n, el reciclaje y la regeneraci\u00f3n, optimizando el uso de materiales y generando nuevas oportunidades econ\u00f3micas.<\/p>\n\t\t<\/div>\n\t\t\n\t\t<a class=\"elementor-post__read-more\" href=\"https:\/\/wes.com.pe\/en\/economia-circular-claves-en-la-gestion-de-recursos-naturales\/\" aria-label=\"Read more about ECONOM\u00cdA CIRCULAR: CLAVES EN LA GESTI\u00d3N DE RECURSOS NATURALES\" tabindex=\"-1\" >\n\t\t\tRead more\t\t<\/a>\n\n\t\t\t\t<\/div>\n\t\t\t\t<\/article>\n\t\t\t\t<article class=\"elementor-post elementor-grid-item post-5048 post type-post status-publish format-standard has-post-thumbnail hentry category-sp\" role=\"listitem\">\n\t\t\t\t<a class=\"elementor-post__thumbnail__link\" href=\"https:\/\/wes.com.pe\/en\/agricultura-precisa-innovaciones-hidricas-en-zonas-aridas\/\" tabindex=\"-1\" >\n\t\t\t<div class=\"elementor-post__thumbnail\"><img decoding=\"async\" width=\"1920\" height=\"900\" src=\"https:\/\/wes.com.pe\/wp-content\/uploads\/2024\/09\/Agricultura-en-zonas-aridas.png\" class=\"attachment-full size-full wp-image-5049\" alt=\"\" srcset=\"https:\/\/wes.com.pe\/wp-content\/uploads\/2024\/09\/Agricultura-en-zonas-aridas.png 1920w, https:\/\/wes.com.pe\/wp-content\/uploads\/2024\/09\/Agricultura-en-zonas-aridas-300x141.png 300w, https:\/\/wes.com.pe\/wp-content\/uploads\/2024\/09\/Agricultura-en-zonas-aridas-1024x480.png 1024w, https:\/\/wes.com.pe\/wp-content\/uploads\/2024\/09\/Agricultura-en-zonas-aridas-768x360.png 768w, https:\/\/wes.com.pe\/wp-content\/uploads\/2024\/09\/Agricultura-en-zonas-aridas-1536x720.png 1536w, https:\/\/wes.com.pe\/wp-content\/uploads\/2024\/09\/Agricultura-en-zonas-aridas-18x8.png 18w\" sizes=\"(max-width: 1920px) 100vw, 1920px\" \/><\/div>\n\t\t<\/a>\n\t\t\t\t<div class=\"elementor-post__text\">\n\t\t\t\t<h3 class=\"elementor-post__title\">\n\t\t\t<a href=\"https:\/\/wes.com.pe\/en\/agricultura-precisa-innovaciones-hidricas-en-zonas-aridas\/\" >\n\t\t\t\tAGRICULTURA PRECISA: INNOVACIONES H\u00cdDRICAS EN ZONAS \u00c1RIDAS\t\t\t<\/a>\n\t\t<\/h3>\n\t\t\t\t<div class=\"elementor-post__meta-data\">\n\t\t\t\t\t<span class=\"elementor-post-date\">\n\t\t\tSeptember 9, 2024\t\t<\/span>\n\t\t\t\t<\/div>\n\t\t\t\t<div class=\"elementor-post__excerpt\">\n\t\t\t<p>En zonas \u00e1ridas, donde el agua es escasa, la agricultura de precisi\u00f3n ofrece una soluci\u00f3n innovadora para optimizar su uso y mejorar tanto la sostenibilidad como la productividad agr\u00edcola.<\/p>\n\t\t<\/div>\n\t\t\n\t\t<a class=\"elementor-post__read-more\" href=\"https:\/\/wes.com.pe\/en\/agricultura-precisa-innovaciones-hidricas-en-zonas-aridas\/\" aria-label=\"Read more about AGRICULTURA PRECISA: INNOVACIONES H\u00cdDRICAS EN ZONAS \u00c1RIDAS\" tabindex=\"-1\" >\n\t\t\tRead more\t\t<\/a>\n\n\t\t\t\t<\/div>\n\t\t\t\t<\/article>\n\t\t\t\t<article class=\"elementor-post elementor-grid-item post-5041 post type-post status-publish format-standard has-post-thumbnail hentry category-sp\" role=\"listitem\">\n\t\t\t\t<a class=\"elementor-post__thumbnail__link\" href=\"https:\/\/wes.com.pe\/en\/monitoreo-ambiental-sostenibilidad-y-negocios-en-perfecta-armonia\/\" tabindex=\"-1\" >\n\t\t\t<div class=\"elementor-post__thumbnail\"><img loading=\"lazy\" decoding=\"async\" width=\"8000\" height=\"3750\" src=\"https:\/\/wes.com.pe\/wp-content\/uploads\/2024\/08\/POST.png\" class=\"attachment-full size-full wp-image-5042\" alt=\"\" srcset=\"https:\/\/wes.com.pe\/wp-content\/uploads\/2024\/08\/POST.png 8000w, https:\/\/wes.com.pe\/wp-content\/uploads\/2024\/08\/POST-300x141.png 300w, https:\/\/wes.com.pe\/wp-content\/uploads\/2024\/08\/POST-1024x480.png 1024w, https:\/\/wes.com.pe\/wp-content\/uploads\/2024\/08\/POST-768x360.png 768w, https:\/\/wes.com.pe\/wp-content\/uploads\/2024\/08\/POST-1536x720.png 1536w, https:\/\/wes.com.pe\/wp-content\/uploads\/2024\/08\/POST-2048x960.png 2048w, https:\/\/wes.com.pe\/wp-content\/uploads\/2024\/08\/POST-18x8.png 18w\" sizes=\"(max-width: 8000px) 100vw, 8000px\" \/><\/div>\n\t\t<\/a>\n\t\t\t\t<div class=\"elementor-post__text\">\n\t\t\t\t<h3 class=\"elementor-post__title\">\n\t\t\t<a href=\"https:\/\/wes.com.pe\/en\/monitoreo-ambiental-sostenibilidad-y-negocios-en-perfecta-armonia\/\" >\n\t\t\t\tMONITOREO AMBIENTAL: SOSTENIBILIDAD Y NEGOCIOS EN PERFECTA ARMON\u00cdA\t\t\t<\/a>\n\t\t<\/h3>\n\t\t\t\t<div class=\"elementor-post__meta-data\">\n\t\t\t\t\t<span class=\"elementor-post-date\">\n\t\t\tAugust 23, 2024\t\t<\/span>\n\t\t\t\t<\/div>\n\t\t\t\t<div class=\"elementor-post__excerpt\">\n\t\t\t<p>Descubre c\u00f3mo el monitoreo ambiental puede ayudar a tu empresa a ser m\u00e1s responsable y efectiva en la protecci\u00f3n del medio ambiente.<\/p>\n\t\t<\/div>\n\t\t\n\t\t<a class=\"elementor-post__read-more\" href=\"https:\/\/wes.com.pe\/en\/monitoreo-ambiental-sostenibilidad-y-negocios-en-perfecta-armonia\/\" aria-label=\"Read more about MONITOREO AMBIENTAL: SOSTENIBILIDAD Y NEGOCIOS EN PERFECTA ARMON\u00cdA\" tabindex=\"-1\" >\n\t\t\tRead more\t\t<\/a>\n\n\t\t\t\t<\/div>\n\t\t\t\t<\/article>\n\t\t\t\t<article class=\"elementor-post elementor-grid-item post-5034 post type-post status-publish format-standard has-post-thumbnail hentry category-sp\" role=\"listitem\">\n\t\t\t\t<a class=\"elementor-post__thumbnail__link\" href=\"https:\/\/wes.com.pe\/en\/hidrogeoquimica-y-nuevas-tecnologias-en-la-gestion-de-aguas-subterraneas\/\" tabindex=\"-1\" >\n\t\t\t<div class=\"elementor-post__thumbnail\"><img loading=\"lazy\" decoding=\"async\" width=\"8000\" height=\"3750\" src=\"https:\/\/wes.com.pe\/wp-content\/uploads\/2024\/08\/Hidrogeoquimica-tecnologia.png\" class=\"attachment-full size-full wp-image-5035\" alt=\"\" srcset=\"https:\/\/wes.com.pe\/wp-content\/uploads\/2024\/08\/Hidrogeoquimica-tecnologia.png 8000w, https:\/\/wes.com.pe\/wp-content\/uploads\/2024\/08\/Hidrogeoquimica-tecnologia-300x141.png 300w, https:\/\/wes.com.pe\/wp-content\/uploads\/2024\/08\/Hidrogeoquimica-tecnologia-1024x480.png 1024w, https:\/\/wes.com.pe\/wp-content\/uploads\/2024\/08\/Hidrogeoquimica-tecnologia-768x360.png 768w, https:\/\/wes.com.pe\/wp-content\/uploads\/2024\/08\/Hidrogeoquimica-tecnologia-1536x720.png 1536w, https:\/\/wes.com.pe\/wp-content\/uploads\/2024\/08\/Hidrogeoquimica-tecnologia-2048x960.png 2048w, https:\/\/wes.com.pe\/wp-content\/uploads\/2024\/08\/Hidrogeoquimica-tecnologia-18x8.png 18w\" sizes=\"(max-width: 8000px) 100vw, 8000px\" \/><\/div>\n\t\t<\/a>\n\t\t\t\t<div class=\"elementor-post__text\">\n\t\t\t\t<h3 class=\"elementor-post__title\">\n\t\t\t<a href=\"https:\/\/wes.com.pe\/en\/hidrogeoquimica-y-nuevas-tecnologias-en-la-gestion-de-aguas-subterraneas\/\" >\n\t\t\t\tHIDROGEOQU\u00cdMICA Y NUEVAS TECNOLOG\u00cdAS EN LA GESTI\u00d3N DE AGUAS SUBTERR\u00c1NEAS\t\t\t<\/a>\n\t\t<\/h3>\n\t\t\t\t<div class=\"elementor-post__meta-data\">\n\t\t\t\t\t<span class=\"elementor-post-date\">\n\t\t\tAugust 13, 2024\t\t<\/span>\n\t\t\t\t<\/div>\n\t\t\t\t<div class=\"elementor-post__excerpt\">\n\t\t\t<p>En Per\u00fa, la hidrogeoqu\u00edmica y las nuevas tecnolog\u00edas est\u00e1n revolucionando la manera en que se identifica y gestiona el agua subterr\u00e1nea, garantizando la calidad y disponibilidad de este recurso vital en un contexto de creciente escasez.<\/p>\n\t\t<\/div>\n\t\t\n\t\t<a class=\"elementor-post__read-more\" href=\"https:\/\/wes.com.pe\/en\/hidrogeoquimica-y-nuevas-tecnologias-en-la-gestion-de-aguas-subterraneas\/\" aria-label=\"Read more about HIDROGEOQU\u00cdMICA Y NUEVAS TECNOLOG\u00cdAS EN LA GESTI\u00d3N DE AGUAS SUBTERR\u00c1NEAS\" tabindex=\"-1\" >\n\t\t\tRead more\t\t<\/a>\n\n\t\t\t\t<\/div>\n\t\t\t\t<\/article>\n\t\t\t\t<article class=\"elementor-post elementor-grid-item post-5022 post type-post status-publish format-standard has-post-thumbnail hentry category-sp\" role=\"listitem\">\n\t\t\t\t<a class=\"elementor-post__thumbnail__link\" href=\"https:\/\/wes.com.pe\/en\/transformando-humedad-en-agua-potable\/\" tabindex=\"-1\" >\n\t\t\t<div class=\"elementor-post__thumbnail\"><img loading=\"lazy\" decoding=\"async\" width=\"1920\" height=\"900\" src=\"https:\/\/wes.com.pe\/wp-content\/uploads\/2024\/08\/PRUEBA.jpg\" class=\"attachment-full size-full wp-image-5029\" alt=\"\" srcset=\"https:\/\/wes.com.pe\/wp-content\/uploads\/2024\/08\/PRUEBA.jpg 1920w, https:\/\/wes.com.pe\/wp-content\/uploads\/2024\/08\/PRUEBA-300x141.jpg 300w, https:\/\/wes.com.pe\/wp-content\/uploads\/2024\/08\/PRUEBA-1024x480.jpg 1024w, https:\/\/wes.com.pe\/wp-content\/uploads\/2024\/08\/PRUEBA-768x360.jpg 768w, https:\/\/wes.com.pe\/wp-content\/uploads\/2024\/08\/PRUEBA-1536x720.jpg 1536w, https:\/\/wes.com.pe\/wp-content\/uploads\/2024\/08\/PRUEBA-18x8.jpg 18w\" sizes=\"(max-width: 1920px) 100vw, 1920px\" \/><\/div>\n\t\t<\/a>\n\t\t\t\t<div class=\"elementor-post__text\">\n\t\t\t\t<h3 class=\"elementor-post__title\">\n\t\t\t<a href=\"https:\/\/wes.com.pe\/en\/transformando-humedad-en-agua-potable\/\" >\n\t\t\t\tTRANSFORMANDO HUMEDAD EN AGUA POTABLE\t\t\t<\/a>\n\t\t<\/h3>\n\t\t\t\t<div class=\"elementor-post__meta-data\">\n\t\t\t\t\t<span class=\"elementor-post-date\">\n\t\t\tAugust 2, 2024\t\t<\/span>\n\t\t\t\t<\/div>\n\t\t\t\t<div class=\"elementor-post__excerpt\">\n\t\t\t<p>La escasez de agua potable es un problema global urgente. Las nuevas tecnolog\u00edas que capturan humedad del aire ofrecen soluciones innovadoras para obtener agua limpia y segura.<\/p>\n\t\t<\/div>\n\t\t\n\t\t<a class=\"elementor-post__read-more\" href=\"https:\/\/wes.com.pe\/en\/transformando-humedad-en-agua-potable\/\" aria-label=\"Read more about TRANSFORMANDO HUMEDAD EN AGUA POTABLE\" tabindex=\"-1\" >\n\t\t\tRead more\t\t<\/a>\n\n\t\t\t\t<\/div>\n\t\t\t\t<\/article>\n\t\t\t\t<\/div>\n\t\t\n\t\t\t\t<div class=\"e-load-more-anchor\" data-page=\"1\" data-max-page=\"12\" data-next-page=\"https:\/\/wes.com.pe\/en\/wp-json\/wp\/v2\/pages\/345\/page\/2\/\"><\/div>\n\t\t\t\t<nav class=\"elementor-pagination\" aria-label=\"Pagination\">\n\t\t\t<span class=\"page-numbers prev\">Previous<\/span>\n<span aria-current=\"page\" class=\"page-numbers current\"><span class=\"elementor-screen-only\">Page<\/span>1<\/span>\n<a class=\"page-numbers\" href=\"https:\/\/wes.com.pe\/en\/wp-json\/wp\/v2\/pages\/345\/page\/2\/\"><span class=\"elementor-screen-only\">Page<\/span>2<\/a>\n<a class=\"page-numbers\" href=\"https:\/\/wes.com.pe\/en\/wp-json\/wp\/v2\/pages\/345\/page\/3\/\"><span class=\"elementor-screen-only\">Page<\/span>3<\/a>\n<a class=\"page-numbers\" href=\"https:\/\/wes.com.pe\/en\/wp-json\/wp\/v2\/pages\/345\/page\/4\/\"><span class=\"elementor-screen-only\">Page<\/span>4<\/a>\n<a class=\"page-numbers\" href=\"https:\/\/wes.com.pe\/en\/wp-json\/wp\/v2\/pages\/345\/page\/5\/\"><span class=\"elementor-screen-only\">Page<\/span>5<\/a>\n<a class=\"page-numbers next\" href=\"https:\/\/wes.com.pe\/en\/wp-json\/wp\/v2\/pages\/345\/page\/2\/\">Next<\/a>\t\t<\/nav>\n\t\t\t\t\t\t<\/div>\n\t\t\t\t<\/div>\n\t\t\t\t<div class=\"elementor-element elementor-element-d0368c4 elementor-widget elementor-widget-spacer\" data-id=\"d0368c4\" data-element_type=\"widget\" data-widget_type=\"spacer.default\">\n\t\t\t\t<div class=\"elementor-widget-container\">\n\t\t\t\t\t\t\t<div class=\"elementor-spacer\">\n\t\t\t<div class=\"elementor-spacer-inner\"><\/div>\n\t\t<\/div>\n\t\t\t\t\t\t<\/div>\n\t\t\t\t<\/div>\n\t\t\t\t<div class=\"elementor-element elementor-element-389e456 elementor-widget elementor-widget-spacer\" data-id=\"389e456\" data-element_type=\"widget\" data-widget_type=\"spacer.default\">\n\t\t\t\t<div class=\"elementor-widget-container\">\n\t\t\t\t\t\t\t<div class=\"elementor-spacer\">\n\t\t\t<div class=\"elementor-spacer-inner\"><\/div>\n\t\t<\/div>\n\t\t\t\t\t\t<\/div>\n\t\t\t\t<\/div>\n\t\t\t\t<div class=\"elementor-element elementor-element-609ef78 elementor-widget elementor-widget-spacer\" data-id=\"609ef78\" data-element_type=\"widget\" data-widget_type=\"spacer.default\">\n\t\t\t\t<div class=\"elementor-widget-container\">\n\t\t\t\t\t\t\t<div class=\"elementor-spacer\">\n\t\t\t<div class=\"elementor-spacer-inner\"><\/div>\n\t\t<\/div>\n\t\t\t\t\t\t<\/div>\n\t\t\t\t<\/div>\n\t\t\t\t\t<\/div>\n\t\t<\/div>\n\t\t\t\t\t<\/div>\n\t\t<\/section>\n\t\t\t\t<\/div>","protected":false},"excerpt":{"rendered":"<p>BLOG<\/p>","protected":false},"author":19,"featured_media":0,"parent":0,"menu_order":0,"comment_status":"closed","ping_status":"closed","template":"elementor_header_footer","meta":{"footnotes":""},"class_list":["post-345","page","type-page","status-publish","hentry"],"aioseo_notices":[],"_links":{"self":[{"href":"https:\/\/wes.com.pe\/en\/wp-json\/wp\/v2\/pages\/345","targetHints":{"allow":["GET"]}}],"collection":[{"href":"https:\/\/wes.com.pe\/en\/wp-json\/wp\/v2\/pages"}],"about":[{"href":"https:\/\/wes.com.pe\/en\/wp-json\/wp\/v2\/types\/page"}],"author":[{"embeddable":true,"href":"https:\/\/wes.com.pe\/en\/wp-json\/wp\/v2\/users\/19"}],"replies":[{"embeddable":true,"href":"https:\/\/wes.com.pe\/en\/wp-json\/wp\/v2\/comments?post=345"}],"version-history":[{"count":50,"href":"https:\/\/wes.com.pe\/en\/wp-json\/wp\/v2\/pages\/345\/revisions"}],"predecessor-version":[{"id":5272,"href":"https:\/\/wes.com.pe\/en\/wp-json\/wp\/v2\/pages\/345\/revisions\/5272"}],"wp:attachment":[{"href":"https:\/\/wes.com.pe\/en\/wp-json\/wp\/v2\/media?parent=345"}],"curies":[{"name":"wp","href":"https:\/\/api.w.org\/{rel}","templated":true}]}}